{"id":1392,"date":"2022-09-23T15:43:14","date_gmt":"2022-09-23T13:43:14","guid":{"rendered":"http:\/\/kom-conseil.fr\/?page_id=1392"},"modified":"2022-09-23T15:46:59","modified_gmt":"2022-09-23T13:46:59","slug":"politique-des-cookies","status":"publish","type":"page","link":"https:\/\/kom-conseil.fr\/?page_id=1392","title":{"rendered":"Politique des cookies"},"content":{"rendered":"\t\t<div data-elementor-type=\"wp-page\" data-elementor-id=\"1392\" class=\"elementor elementor-1392\">\n\t\t\t\t\t\t<section class=\"elementor-section elementor-top-section elementor-element elementor-element-bad5124 elementor-section-boxed elementor-section-height-default elementor-section-height-default\" data-id=\"bad5124\" data-element_type=\"section\" data-e-type=\"section\">\n\t\t\t\t\t\t<div class=\"elementor-container elementor-column-gap-default\">\n\t\t\t\t\t<div class=\"elementor-column elementor-col-100 elementor-top-column elementor-element elementor-element-b1a1b81\" data-id=\"b1a1b81\" data-element_type=\"column\" data-e-type=\"column\">\n\t\t\t<div class=\"elementor-widget-wrap elementor-element-populated\">\n\t\t\t\t\t\t<div class=\"elementor-element elementor-element-e712dfa elementor-widget elementor-widget-text-editor\" data-id=\"e712dfa\" data-element_type=\"widget\" data-e-type=\"widget\" data-widget_type=\"text-editor.default\">\n\t\t\t\t<div class=\"elementor-widget-container\">\n\t\t\t\t\t\t\t\t\t<p><strong>D\u00e9finition d\u2019un Cookie<\/strong><\/p><p>Un cookie est un fichier texte susceptible d\u2019\u00eatre enregistr\u00e9 sur votre terminal \u00e0 l\u2019occasion de la consultation d\u2019un site internet gr\u00e2ce \u00e0 votre navigateur. Un fichier cookie permet \u00e0 son \u00e9metteur d\u2019identifier le terminal dans lequel il est enregistr\u00e9, pendant la dur\u00e9e de validit\u00e9 ou d\u2019enregistrement dudit cookie.<\/p><p>\u00a0<\/p><p><strong>Quels sont les cookies utilis\u00e9s sur notre site<\/strong><\/p><p>Nous utilisons les cookies dont les finalit\u00e9s sont d\u00e9crites ci-apr\u00e8s.<\/p><p>Il s\u2019agit de cookies Google Analytics qui nous permettent de conna\u00eetre l\u2019utilisation et les performances de notre site, d\u2019\u00e9tablir des statistiques, des volumes de fr\u00e9quentation et d\u2019utilisation des divers \u00e9l\u00e9ments de notre site (contenus visit\u00e9s, parcours) nous permettant d\u2019am\u00e9liorer l\u2019int\u00e9r\u00eat et l\u2019ergonomie de nos services (les pages ou les rubriques les plus souvent consult\u00e9es, les articles les plus lus).<\/p><p>Ceci nous permettant d\u2019am\u00e9liorer le contenu qui vous est propos\u00e9 sur les th\u00e8mes les plus pertinents.<\/p><p><strong>Les cookies des soci\u00e9t\u00e9s tierces<\/strong><\/p><p>L\u2019\u00e9mission et l\u2019utilisation de cookies par des tiers, sont soumises aux politiques \u00ab cookies \u00bb de ces tiers. Nous vous informons de l\u2019objet des cookies dont nous avons connaissance et des moyens dont vous disposez pour effectuer des choix \u00e0 l\u2019\u00e9gard de ces cookies.<\/p><p><strong>Modalit\u00e9s de suppression et d\u2018opposition \u00e0 l\u2019utilisation des cookies<\/strong><\/p><p>L\u2019enregistrement d\u2019un cookie dans un terminal est essentiellement subordonn\u00e9 \u00e0 la volont\u00e9 de l\u2019utilisateur du terminal, que celui-ci peut exprimer et modifier \u00e0 tout moment et gratuitement.<\/p><p>\u00a0<\/p><p>Si vous avez accept\u00e9 dans votre logiciel de navigation l\u2019enregistrement de cookies dans votre terminal, les cookies int\u00e9gr\u00e9s dans les pages et contenus que vous avez consult\u00e9s pourront \u00eatre stock\u00e9s temporairement dans un espace d\u00e9di\u00e9 de votre terminal.<\/p><p>\u00a0<\/p><p>La plupart des navigateurs acceptent les cookies par d\u00e9faut. Cependant, vous pouvez d\u00e9cider de bloquer ces cookies ou demander \u00e0 votre navigateur de vous avertir lorsqu\u2019un site tente d\u2019impl\u00e9menter un cookie sur votre terminal.<\/p><p>Pour changer la gestion des cookies de votre navigateur, vous pouvez modifier les r\u00e9glages dans l\u2019onglet confidentialit\u00e9.<\/p><p>\u00a0<\/p><p>Pour la gestion des cookies et de vos choix la configuration de chaque navigateur est diff\u00e9rente. Elle est d\u00e9crite dans le menu d\u2019aide de votre navigateur, qui vous permettra de savoir de quelle mani\u00e8re modifier vos souhaits en mati\u00e8re de cookies :<\/p><p><b>Plus d\u2019informations sur les cookies<\/b><\/p><p>Sur le site de la CNIL : <a href=\"http:\/\/www.cnil.fr\/vos-droits\/vos-traces\/les-cookies\/\">http:\/\/www.cnil.fr\/vos-droits\/vos-traces\/les-cookies\/<\/a><\/p>\t\t\t\t\t\t\t\t<\/div>\n\t\t\t\t<\/div>\n\t\t\t\t\t<\/div>\n\t\t<\/div>\n\t\t\t\t\t<\/div>\n\t\t<\/section>\n\t\t\t\t<\/div>\n\t\t","protected":false},"excerpt":{"rendered":"<p>D\u00e9finition d\u2019un Cookie Un cookie est un fichier texte susceptible d\u2019\u00eatre enregistr\u00e9 sur votre terminal \u00e0 l\u2019occasion de la consultation d\u2019un site internet gr\u00e2ce \u00e0 votre navigateur. Un fichier cookie permet \u00e0 son \u00e9metteur d\u2019identifier le terminal dans lequel il est enregistr\u00e9, pendant la dur\u00e9e de validit\u00e9 ou d\u2019enregistrement dudit cookie. \u00a0 Quels sont les [&hellip;]<\/p>\n","protected":false},"author":1,"featured_media":0,"parent":0,"menu_order":0,"comment_status":"closed","ping_status":"closed","template":"","meta":{"ocean_post_layout":"","ocean_both_sidebars_style":"","ocean_both_sidebars_content_width":0,"ocean_both_sidebars_sidebars_width":0,"ocean_sidebar":"0","ocean_second_sidebar":"0","ocean_disable_margins":"enable","ocean_add_body_class":"","ocean_shortcode_before_top_bar":"","ocean_shortcode_after_top_bar":"","ocean_shortcode_before_header":"","ocean_shortcode_after_header":"","ocean_has_shortcode":"","ocean_shortcode_after_title":"","ocean_shortcode_before_footer_widgets":"","ocean_shortcode_after_footer_widgets":"","ocean_shortcode_before_footer_bottom":"","ocean_shortcode_after_footer_bottom":"","ocean_display_top_bar":"default","ocean_display_header":"default","ocean_header_style":"","ocean_center_header_left_menu":"0","ocean_custom_header_template":"0","ocean_custom_logo":0,"ocean_custom_retina_logo":0,"ocean_custom_logo_max_width":0,"ocean_custom_logo_tablet_max_width":0,"ocean_custom_logo_mobile_max_width":0,"ocean_custom_logo_max_height":0,"ocean_custom_logo_tablet_max_height":0,"ocean_custom_logo_mobile_max_height":0,"ocean_header_custom_menu":"0","ocean_menu_typo_font_family":"0","ocean_menu_typo_font_subset":"","ocean_menu_typo_font_size":0,"ocean_menu_typo_font_size_tablet":0,"ocean_menu_typo_font_size_mobile":0,"ocean_menu_typo_font_size_unit":"px","ocean_menu_typo_font_weight":"","ocean_menu_typo_font_weight_tablet":"","ocean_menu_typo_font_weight_mobile":"","ocean_menu_typo_transform":"","ocean_menu_typo_transform_tablet":"","ocean_menu_typo_transform_mobile":"","ocean_menu_typo_line_height":0,"ocean_menu_typo_line_height_tablet":0,"ocean_menu_typo_line_height_mobile":0,"ocean_menu_typo_line_height_unit":"","ocean_menu_typo_spacing":0,"ocean_menu_typo_spacing_tablet":0,"ocean_menu_typo_spacing_mobile":0,"ocean_menu_typo_spacing_unit":"","ocean_menu_link_color":"","ocean_menu_link_color_hover":"","ocean_menu_link_color_active":"","ocean_menu_link_background":"","ocean_menu_link_hover_background":"","ocean_menu_link_active_background":"","ocean_menu_social_links_bg":"","ocean_menu_social_hover_links_bg":"","ocean_menu_social_links_color":"","ocean_menu_social_hover_links_color":"","ocean_disable_title":"default","ocean_disable_heading":"default","ocean_post_title":"","ocean_post_subheading":"","ocean_post_title_style":"","ocean_post_title_background_color":"","ocean_post_title_background":0,"ocean_post_title_bg_image_position":"","ocean_post_title_bg_image_attachment":"","ocean_post_title_bg_image_repeat":"","ocean_post_title_bg_image_size":"","ocean_post_title_height":0,"ocean_post_title_bg_overlay":0.5,"ocean_post_title_bg_overlay_color":"","ocean_disable_breadcrumbs":"default","ocean_breadcrumbs_color":"","ocean_breadcrumbs_separator_color":"","ocean_breadcrumbs_links_color":"","ocean_breadcrumbs_links_hover_color":"","ocean_display_footer_widgets":"default","ocean_display_footer_bottom":"default","ocean_custom_footer_template":"0","footnotes":""},"class_list":["post-1392","page","type-page","status-publish","hentry","entry"],"_links":{"self":[{"href":"https:\/\/kom-conseil.fr\/index.php?rest_route=\/wp\/v2\/pages\/1392","targetHints":{"allow":["GET"]}}],"collection":[{"href":"https:\/\/kom-conseil.fr\/index.php?rest_route=\/wp\/v2\/pages"}],"about":[{"href":"https:\/\/kom-conseil.fr\/index.php?rest_route=\/wp\/v2\/types\/page"}],"author":[{"embeddable":true,"href":"https:\/\/kom-conseil.fr\/index.php?rest_route=\/wp\/v2\/users\/1"}],"replies":[{"embeddable":true,"href":"https:\/\/kom-conseil.fr\/index.php?rest_route=%2Fwp%2Fv2%2Fcomments&post=1392"}],"version-history":[{"count":4,"href":"https:\/\/kom-conseil.fr\/index.php?rest_route=\/wp\/v2\/pages\/1392\/revisions"}],"predecessor-version":[{"id":1396,"href":"https:\/\/kom-conseil.fr\/index.php?rest_route=\/wp\/v2\/pages\/1392\/revisions\/1396"}],"wp:attachment":[{"href":"https:\/\/kom-conseil.fr\/index.php?rest_route=%2Fwp%2Fv2%2Fmedia&parent=1392"}],"curies":[{"name":"wp","href":"https:\/\/api.w.org\/{rel}","templated":true}]}}