{"id":406,"date":"2021-04-27T09:51:22","date_gmt":"2021-04-27T07:51:22","guid":{"rendered":"http:\/\/fitness2.mythemecloud.io\/?page_id=406"},"modified":"2021-05-05T19:16:09","modified_gmt":"2021-05-05T17:16:09","slug":"a-propos","status":"publish","type":"page","link":"https:\/\/kom-conseil.fr\/?page_id=406","title":{"rendered":"A propos"},"content":{"rendered":"\t\t<div data-elementor-type=\"wp-page\" data-elementor-id=\"406\" class=\"elementor elementor-406\">\n\t\t\t\t\t\t<section class=\"elementor-section elementor-top-section elementor-element elementor-element-ybrx6zd elementor-section-content-middle elementor-section-boxed elementor-section-height-default elementor-section-height-default\" data-id=\"ybrx6zd\" data-element_type=\"section\" data-e-type=\"section\">\n\t\t\t\t\t\t<div class=\"elementor-container elementor-column-gap-default\">\n\t\t\t\t\t<div class=\"elementor-column elementor-col-50 elementor-top-column elementor-element elementor-element-nm7wyr2\" data-id=\"nm7wyr2\" data-element_type=\"column\" data-e-type=\"column\">\n\t\t\t<div class=\"elementor-widget-wrap elementor-element-populated\">\n\t\t\t\t\t\t<div class=\"elementor-element elementor-element-shc2be8 elementor-widget elementor-widget-image\" data-id=\"shc2be8\" data-element_type=\"widget\" data-e-type=\"widget\" data-widget_type=\"image.default\">\n\t\t\t\t<div class=\"elementor-widget-container\">\n\t\t\t\t\t\t\t\t\t\t\t\t\t\t\t<img fetchpriority=\"high\" decoding=\"async\" width=\"378\" height=\"567\" src=\"https:\/\/kom-conseil.fr\/wp-content\/uploads\/2021\/04\/Portrait-OK-LR.jpg\" class=\"attachment-2048x2048 size-2048x2048 wp-image-1041\" alt=\"\" srcset=\"https:\/\/kom-conseil.fr\/wp-content\/uploads\/2021\/04\/Portrait-OK-LR.jpg 378w, https:\/\/kom-conseil.fr\/wp-content\/uploads\/2021\/04\/Portrait-OK-LR-200x300.jpg 200w\" sizes=\"(max-width: 378px) 100vw, 378px\" \/>\t\t\t\t\t\t\t\t\t\t\t\t\t\t\t<\/div>\n\t\t\t\t<\/div>\n\t\t\t\t\t<\/div>\n\t\t<\/div>\n\t\t\t\t<div class=\"elementor-column elementor-col-50 elementor-top-column elementor-element elementor-element-r7gqrhq\" data-id=\"r7gqrhq\" data-element_type=\"column\" data-e-type=\"column\">\n\t\t\t<div class=\"elementor-widget-wrap elementor-element-populated\">\n\t\t\t\t\t\t<div class=\"elementor-element elementor-element-005351a elementor-widget elementor-widget-heading\" data-id=\"005351a\" data-element_type=\"widget\" data-e-type=\"widget\" data-widget_type=\"heading.default\">\n\t\t\t\t<div class=\"elementor-widget-container\">\n\t\t\t\t\t<h2 class=\"elementor-heading-title elementor-size-default\">Une double comp\u00e9tence \u00e0 votre disposition pour accompagner les collectivit\u00e9s.<\/h2>\t\t\t\t<\/div>\n\t\t\t\t<\/div>\n\t\t\t\t<div class=\"elementor-element elementor-element-x4fpxui elementor-widget elementor-widget-text-editor\" data-id=\"x4fpxui\" data-element_type=\"widget\" data-e-type=\"widget\" data-widget_type=\"text-editor.default\">\n\t\t\t\t<div class=\"elementor-widget-container\">\n\t\t\t\t\t\t\t\t\t<p>La vie est faite de rencontres et d\u2019exp\u00e9riences toutes plus riches les unes que les autres, qui vous permettent de prendre quelquefois des chemins diff\u00e9rents et de vivre de nouvelles aventures. Donner un sens plus profond \u00e0 votre vie, \u00eatre en phase avec vos valeurs et vous \u00e9panouir dans ce ce que vous faites. C\u2019est ce qui m\u2019est arriv\u00e9 en 2020 lorsque j\u2019ai d\u00e9cid\u00e9 de cr\u00e9er KOM Conseil, agence de communication pour les collectivit\u00e9s et les TPE-PME. N\u00e9e de cette volont\u00e9 d\u2019accompagner les structures \u00e0 taille humaine dans l\u2019univers de la communication sous toutes ses formes.<\/p>\t\t\t\t\t\t\t\t<\/div>\n\t\t\t\t<\/div>\n\t\t\t\t<div class=\"elementor-element elementor-element-78b36e7 elementor-widget elementor-widget-heading\" data-id=\"78b36e7\" data-element_type=\"widget\" data-e-type=\"widget\" data-widget_type=\"heading.default\">\n\t\t\t\t<div class=\"elementor-widget-container\">\n\t\t\t\t\t<h2 class=\"elementor-heading-title elementor-size-default\">Une expertise et une passion pour la communication<\/h2>\t\t\t\t<\/div>\n\t\t\t\t<\/div>\n\t\t\t\t<div class=\"elementor-element elementor-element-38c2752 elementor-widget elementor-widget-text-editor\" data-id=\"38c2752\" data-element_type=\"widget\" data-e-type=\"widget\" data-widget_type=\"text-editor.default\">\n\t\t\t\t<div class=\"elementor-widget-container\">\n\t\t\t\t\t\t\t\t\tPassionn\u00e9 par la communication, ses m\u00e9canismes, ses outils et sa complexit\u00e9, j\u2019ai pu en d\u00e9couvrir et en explorer toutes les facettes durant pr\u00e8s de 25 ans dans des groupes internationaux \u00e0 travers diff\u00e9rents pays.\nAnalyser, construire, d\u00e9velopper, \u00e9valuer, am\u00e9liorer et recommencer ! La volont\u00e9 de cr\u00e9er une communication qui vous ressemble est un engagement !\t\t\t\t\t\t\t\t<\/div>\n\t\t\t\t<\/div>\n\t\t\t\t<div class=\"elementor-element elementor-element-98ffa16 elementor-widget elementor-widget-heading\" data-id=\"98ffa16\" data-element_type=\"widget\" data-e-type=\"widget\" data-widget_type=\"heading.default\">\n\t\t\t\t<div class=\"elementor-widget-container\">\n\t\t\t\t\t<h2 class=\"elementor-heading-title elementor-size-default\">Une connaissance et une implication dans la gestion d\u2019une commune<\/h2>\t\t\t\t<\/div>\n\t\t\t\t<\/div>\n\t\t\t\t<div class=\"elementor-element elementor-element-c6604cc elementor-widget elementor-widget-text-editor\" data-id=\"c6604cc\" data-element_type=\"widget\" data-e-type=\"widget\" data-widget_type=\"text-editor.default\">\n\t\t\t\t<div class=\"elementor-widget-container\">\n\t\t\t\t\t\t\t\t\t<p>En parall\u00e8le j\u2019ai souhait\u00e9 m\u2019impliquer dans la gestion de ma commune dans laquelle je suis Conseiller Municipal depuis pr\u00e8s de 15 ans. Je connais donc le quotidien d\u2019une commune \u00e0 taille humaine, les probl\u00e9matiques et je sais combien cet engagement demande de la passion et de l\u2019implication de tous les instants pas toujours reconnus \u00e0 sa juste valeur\u2026 Conseiller Municipal est une vocation au service de ses concitoyens ! Et j&#8217;y retrouve beaucoup de similitudes avec le monde associatif dans lequel j&#8217;ai exerc\u00e9 pendant plus de 20 ans !<\/p>\t\t\t\t\t\t\t\t<\/div>\n\t\t\t\t<\/div>\n\t\t\t\t\t<\/div>\n\t\t<\/div>\n\t\t\t\t\t<\/div>\n\t\t<\/section>\n\t\t\t\t<section class=\"elementor-section elementor-top-section elementor-element elementor-element-qod0lr5 elementor-section-boxed elementor-section-height-default elementor-section-height-default\" data-id=\"qod0lr5\" data-element_type=\"section\" data-e-type=\"section\">\n\t\t\t\t\t\t<div class=\"elementor-container elementor-column-gap-default\">\n\t\t\t\t\t<div class=\"elementor-column elementor-col-100 elementor-top-column elementor-element elementor-element-077q1uq\" data-id=\"077q1uq\" data-element_type=\"column\" data-e-type=\"column\">\n\t\t\t<div class=\"elementor-widget-wrap elementor-element-populated\">\n\t\t\t\t\t\t<div class=\"elementor-element elementor-element-ua4lgrm elementor-widget elementor-widget-heading\" data-id=\"ua4lgrm\" data-element_type=\"widget\" data-e-type=\"widget\" data-widget_type=\"heading.default\">\n\t\t\t\t<div class=\"elementor-widget-container\">\n\t\t\t\t\t<h2 class=\"elementor-heading-title elementor-size-default\">Vous accompagner dans votre engagement !<\/h2>\t\t\t\t<\/div>\n\t\t\t\t<\/div>\n\t\t\t\t<div class=\"elementor-element elementor-element-jigf8lk elementor-widget-divider--view-line elementor-widget elementor-widget-divider\" data-id=\"jigf8lk\" data-element_type=\"widget\" data-e-type=\"widget\" data-widget_type=\"divider.default\">\n\t\t\t\t<div class=\"elementor-widget-container\">\n\t\t\t\t\t\t\t<div class=\"elementor-divider\">\n\t\t\t<span class=\"elementor-divider-separator\">\n\t\t\t\t\t\t<\/span>\n\t\t<\/div>\n\t\t\t\t\t\t<\/div>\n\t\t\t\t<\/div>\n\t\t\t\t<div class=\"elementor-element elementor-element-5mtb8ja elementor-arrows-position-inside elementor-widget elementor-widget-image-carousel\" data-id=\"5mtb8ja\" data-element_type=\"widget\" data-e-type=\"widget\" data-settings=\"{&quot;slides_to_show&quot;:&quot;7&quot;,&quot;navigation&quot;:&quot;arrows&quot;,&quot;autoplay&quot;:&quot;yes&quot;,&quot;pause_on_hover&quot;:&quot;yes&quot;,&quot;pause_on_interaction&quot;:&quot;yes&quot;,&quot;autoplay_speed&quot;:5000,&quot;infinite&quot;:&quot;yes&quot;,&quot;speed&quot;:500}\" data-widget_type=\"image-carousel.default\">\n\t\t\t\t<div class=\"elementor-widget-container\">\n\t\t\t\t\t\t\t<div class=\"elementor-image-carousel-wrapper swiper\" role=\"region\" aria-roledescription=\"carousel\" aria-label=\"Carrousel d\u2019images\" dir=\"ltr\">\n\t\t\t<div class=\"elementor-image-carousel swiper-wrapper\" aria-live=\"off\">\n\t\t\t\t\t\t\t\t<div class=\"swiper-slide\" role=\"group\" aria-roledescription=\"slide\" aria-label=\"1 sur 12\"><figure class=\"swiper-slide-inner\"><img decoding=\"async\" class=\"swiper-slide-image\" src=\"https:\/\/kom-conseil.fr\/wp-content\/uploads\/2021\/04\/field-4769928-150x150.jpg\" alt=\"field-4769928\" \/><\/figure><\/div><div class=\"swiper-slide\" role=\"group\" aria-roledescription=\"slide\" aria-label=\"2 sur 12\"><figure class=\"swiper-slide-inner\"><img decoding=\"async\" class=\"swiper-slide-image\" src=\"https:\/\/kom-conseil.fr\/wp-content\/uploads\/2021\/04\/bakery-567380_1920-150x150.jpg\" alt=\"bakery-567380_1920\" \/><\/figure><\/div><div class=\"swiper-slide\" role=\"group\" aria-roledescription=\"slide\" aria-label=\"3 sur 12\"><figure class=\"swiper-slide-inner\"><img decoding=\"async\" class=\"swiper-slide-image\" src=\"https:\/\/kom-conseil.fr\/wp-content\/uploads\/2021\/04\/france-84232-150x150.jpg\" alt=\"france-84232\" \/><\/figure><\/div><div class=\"swiper-slide\" role=\"group\" aria-roledescription=\"slide\" aria-label=\"4 sur 12\"><figure class=\"swiper-slide-inner\"><img decoding=\"async\" class=\"swiper-slide-image\" src=\"https:\/\/kom-conseil.fr\/wp-content\/uploads\/2021\/04\/entrepreneur-2326419_1920-150x150.jpg\" alt=\"entrepreneur-2326419_1920\" \/><\/figure><\/div><div class=\"swiper-slide\" role=\"group\" aria-roledescription=\"slide\" aria-label=\"5 sur 12\"><figure class=\"swiper-slide-inner\"><img decoding=\"async\" class=\"swiper-slide-image\" src=\"https:\/\/kom-conseil.fr\/wp-content\/uploads\/2021\/04\/italy-4093227_1920-150x150.jpg\" alt=\"italy-4093227_1920\" \/><\/figure><\/div><div class=\"swiper-slide\" role=\"group\" aria-roledescription=\"slide\" aria-label=\"6 sur 12\"><figure class=\"swiper-slide-inner\"><img decoding=\"async\" class=\"swiper-slide-image\" src=\"https:\/\/kom-conseil.fr\/wp-content\/uploads\/2021\/04\/mason-694271_1920-150x150.jpg\" alt=\"mason-694271_1920\" \/><\/figure><\/div><div class=\"swiper-slide\" role=\"group\" aria-roledescription=\"slide\" aria-label=\"7 sur 12\"><figure class=\"swiper-slide-inner\"><img decoding=\"async\" class=\"swiper-slide-image\" src=\"https:\/\/kom-conseil.fr\/wp-content\/uploads\/2021\/04\/village-3683031-150x150.jpg\" alt=\"village-3683031\" \/><\/figure><\/div><div class=\"swiper-slide\" role=\"group\" aria-roledescription=\"slide\" aria-label=\"8 sur 12\"><figure class=\"swiper-slide-inner\"><img decoding=\"async\" class=\"swiper-slide-image\" src=\"https:\/\/kom-conseil.fr\/wp-content\/uploads\/2021\/04\/portrayal-89193-150x150.jpg\" alt=\"portrayal-89193\" \/><\/figure><\/div><div class=\"swiper-slide\" role=\"group\" aria-roledescription=\"slide\" aria-label=\"9 sur 12\"><figure class=\"swiper-slide-inner\"><img decoding=\"async\" class=\"swiper-slide-image\" src=\"https:\/\/kom-conseil.fr\/wp-content\/uploads\/2021\/04\/view-4703515_1920-150x150.jpg\" alt=\"view-4703515_1920\" \/><\/figure><\/div><div class=\"swiper-slide\" role=\"group\" aria-roledescription=\"slide\" aria-label=\"10 sur 12\"><figure class=\"swiper-slide-inner\"><img decoding=\"async\" class=\"swiper-slide-image\" src=\"https:\/\/kom-conseil.fr\/wp-content\/uploads\/2021\/04\/purchase-3090820_1920-150x150.jpg\" alt=\"purchase-3090820_1920\" \/><\/figure><\/div><div class=\"swiper-slide\" role=\"group\" aria-roledescription=\"slide\" aria-label=\"11 sur 12\"><figure class=\"swiper-slide-inner\"><img decoding=\"async\" class=\"swiper-slide-image\" src=\"https:\/\/kom-conseil.fr\/wp-content\/uploads\/2021\/04\/team-of-young-footballers-1493006-150x150.jpg\" alt=\"team-of-young-footballers-1493006\" \/><\/figure><\/div><div class=\"swiper-slide\" role=\"group\" aria-roledescription=\"slide\" aria-label=\"12 sur 12\"><figure class=\"swiper-slide-inner\"><img decoding=\"async\" class=\"swiper-slide-image\" src=\"https:\/\/kom-conseil.fr\/wp-content\/uploads\/2021\/04\/soup-3310066-150x150.jpg\" alt=\"soup-3310066\" \/><\/figure><\/div>\t\t\t<\/div>\n\t\t\t\t\t\t\t\t\t\t\t\t<div class=\"elementor-swiper-button elementor-swiper-button-prev\" role=\"button\" tabindex=\"0\">\n\t\t\t\t\t\t<i aria-hidden=\"true\" class=\"eicon-chevron-left\"><\/i>\t\t\t\t\t<\/div>\n\t\t\t\t\t<div class=\"elementor-swiper-button elementor-swiper-button-next\" role=\"button\" tabindex=\"0\">\n\t\t\t\t\t\t<i aria-hidden=\"true\" class=\"eicon-chevron-right\"><\/i>\t\t\t\t\t<\/div>\n\t\t\t\t\n\t\t\t\t\t\t\t\t\t<\/div>\n\t\t\t\t\t\t<\/div>\n\t\t\t\t<\/div>\n\t\t\t\t<div class=\"elementor-element elementor-element-r8gfymh elementor-widget elementor-widget-spacer\" data-id=\"r8gfymh\" data-element_type=\"widget\" data-e-type=\"widget\" data-widget_type=\"spacer.default\">\n\t\t\t\t<div class=\"elementor-widget-container\">\n\t\t\t\t\t\t\t<div class=\"elementor-spacer\">\n\t\t\t<div class=\"elementor-spacer-inner\"><\/div>\n\t\t<\/div>\n\t\t\t\t\t\t<\/div>\n\t\t\t\t<\/div>\n\t\t\t\t<div class=\"elementor-element elementor-element-i7fhzf9 elementor-widget elementor-widget-text-editor\" data-id=\"i7fhzf9\" data-element_type=\"widget\" data-e-type=\"widget\" data-widget_type=\"text-editor.default\">\n\t\t\t\t<div class=\"elementor-widget-container\">\n\t\t\t\t\t\t\t\t\t<p>Quel que soit votre engagement, dans le monde professionnel, culturel ou associatif, au sein de votre commune, je vous aiderai \u00e0 aller de l&#8217;avant, prendre du plaisir \u00e0 communiquer ce que vous faites, et partager votre aventure ou votre passion\u00a0<\/p>\t\t\t\t\t\t\t\t<\/div>\n\t\t\t\t<\/div>\n\t\t\t\t<div class=\"elementor-element elementor-element-17o73hd elementor-widget elementor-widget-spacer\" data-id=\"17o73hd\" data-element_type=\"widget\" data-e-type=\"widget\" data-widget_type=\"spacer.default\">\n\t\t\t\t<div class=\"elementor-widget-container\">\n\t\t\t\t\t\t\t<div class=\"elementor-spacer\">\n\t\t\t<div class=\"elementor-spacer-inner\"><\/div>\n\t\t<\/div>\n\t\t\t\t\t\t<\/div>\n\t\t\t\t<\/div>\n\t\t\t\t\t<\/div>\n\t\t<\/div>\n\t\t\t\t\t<\/div>\n\t\t<\/section>\n\t\t\t\t<section class=\"elementor-section elementor-top-section elementor-element elementor-element-2971b37 elementor-section-boxed elementor-section-height-default elementor-section-height-default\" data-id=\"2971b37\" data-element_type=\"section\" data-e-type=\"section\" data-settings=\"{&quot;background_background&quot;:&quot;classic&quot;}\">\n\t\t\t\t\t\t<div class=\"elementor-container elementor-column-gap-default\">\n\t\t\t\t\t<div class=\"elementor-column elementor-col-100 elementor-top-column elementor-element elementor-element-342acae\" data-id=\"342acae\" data-element_type=\"column\" data-e-type=\"column\" data-settings=\"{&quot;background_background&quot;:&quot;classic&quot;}\">\n\t\t\t<div class=\"elementor-widget-wrap elementor-element-populated\">\n\t\t\t\t\t\t<div class=\"elementor-element elementor-element-19fca60 elementor-position-left elementor-vertical-align-top elementor-widget elementor-widget-image-box\" data-id=\"19fca60\" data-element_type=\"widget\" data-e-type=\"widget\" data-widget_type=\"image-box.default\">\n\t\t\t\t<div class=\"elementor-widget-container\">\n\t\t\t\t\t<div class=\"elementor-image-box-wrapper\"><figure class=\"elementor-image-box-img\"><img decoding=\"async\" width=\"291\" height=\"300\" src=\"https:\/\/kom-conseil.fr\/wp-content\/uploads\/2021\/04\/KOM-conseil-logo-draft-version-291x300.jpg\" class=\"attachment-medium size-medium wp-image-1151\" alt=\"\" srcset=\"https:\/\/kom-conseil.fr\/wp-content\/uploads\/2021\/04\/KOM-conseil-logo-draft-version-291x300.jpg 291w, https:\/\/kom-conseil.fr\/wp-content\/uploads\/2021\/04\/KOM-conseil-logo-draft-version.jpg 529w\" sizes=\"(max-width: 291px) 100vw, 291px\" \/><\/figure><div class=\"elementor-image-box-content\"><h3 class=\"elementor-image-box-title\">Au fait, vous vous demandez peut-\u00eatre pourquoi \u00ab KOM Conseil \u00bb?<\/h3><p class=\"elementor-image-box-description\">K O M comme \u2026 Kwaczala Olivier Management\u2026 tout simplement !<\/p><\/div><\/div>\t\t\t\t<\/div>\n\t\t\t\t<\/div>\n\t\t\t\t\t<\/div>\n\t\t<\/div>\n\t\t\t\t\t<\/div>\n\t\t<\/section>\n\t\t\t\t<\/div>\n\t\t","protected":false},"excerpt":{"rendered":"<p>Une double comp\u00e9tence \u00e0 votre disposition pour accompagner les collectivit\u00e9s. La vie est faite de rencontres et d\u2019exp\u00e9riences toutes plus riches les unes que les autres, qui vous permettent de prendre quelquefois des chemins diff\u00e9rents et de vivre de nouvelles aventures. Donner un sens plus profond \u00e0 votre vie, \u00eatre en phase avec vos valeurs [&hellip;]<\/p>\n","protected":false},"author":1,"featured_media":0,"parent":0,"menu_order":0,"comment_status":"closed","ping_status":"closed","template":"","meta":{"ocean_post_layout":"full-width","ocean_both_sidebars_style":"","ocean_both_sidebars_content_width":0,"ocean_both_sidebars_sidebars_width":0,"ocean_sidebar":"","ocean_second_sidebar":"","ocean_disable_margins":"enable","ocean_add_body_class":"","ocean_shortcode_before_top_bar":"","ocean_shortcode_after_top_bar":"","ocean_shortcode_before_header":"","ocean_shortcode_after_header":"","ocean_has_shortcode":"","ocean_shortcode_after_title":"","ocean_shortcode_before_footer_widgets":"","ocean_shortcode_after_footer_widgets":"","ocean_shortcode_before_footer_bottom":"","ocean_shortcode_after_footer_bottom":"","ocean_display_top_bar":"default","ocean_display_header":"default","ocean_header_style":"","ocean_center_header_left_menu":"","ocean_custom_header_template":"","ocean_custom_logo":0,"ocean_custom_retina_logo":0,"ocean_custom_logo_max_width":0,"ocean_custom_logo_tablet_max_width":0,"ocean_custom_logo_mobile_max_width":0,"ocean_custom_logo_max_height":0,"ocean_custom_logo_tablet_max_height":0,"ocean_custom_logo_mobile_max_height":0,"ocean_header_custom_menu":"","ocean_menu_typo_font_family":"","ocean_menu_typo_font_subset":"","ocean_menu_typo_font_size":0,"ocean_menu_typo_font_size_tablet":0,"ocean_menu_typo_font_size_mobile":0,"ocean_menu_typo_font_size_unit":"px","ocean_menu_typo_font_weight":"","ocean_menu_typo_font_weight_tablet":"","ocean_menu_typo_font_weight_mobile":"","ocean_menu_typo_transform":"","ocean_menu_typo_transform_tablet":"","ocean_menu_typo_transform_mobile":"","ocean_menu_typo_line_height":0,"ocean_menu_typo_line_height_tablet":0,"ocean_menu_typo_line_height_mobile":0,"ocean_menu_typo_line_height_unit":"","ocean_menu_typo_spacing":0,"ocean_menu_typo_spacing_tablet":0,"ocean_menu_typo_spacing_mobile":0,"ocean_menu_typo_spacing_unit":"","ocean_menu_link_color":"","ocean_menu_link_color_hover":"","ocean_menu_link_color_active":"","ocean_menu_link_background":"","ocean_menu_link_hover_background":"","ocean_menu_link_active_background":"","ocean_menu_social_links_bg":"","ocean_menu_social_hover_links_bg":"","ocean_menu_social_links_color":"","ocean_menu_social_hover_links_color":"","ocean_disable_title":"on","ocean_disable_heading":"default","ocean_post_title":"","ocean_post_subheading":"","ocean_post_title_style":"","ocean_post_title_background_color":"","ocean_post_title_background":0,"ocean_post_title_bg_image_position":"","ocean_post_title_bg_image_attachment":"","ocean_post_title_bg_image_repeat":"","ocean_post_title_bg_image_size":"","ocean_post_title_height":0,"ocean_post_title_bg_overlay":0.5,"ocean_post_title_bg_overlay_color":"","ocean_disable_breadcrumbs":"default","ocean_breadcrumbs_color":"","ocean_breadcrumbs_separator_color":"","ocean_breadcrumbs_links_color":"","ocean_breadcrumbs_links_hover_color":"","ocean_display_footer_widgets":"default","ocean_display_footer_bottom":"default","ocean_custom_footer_template":"","footnotes":""},"class_list":["post-406","page","type-page","status-publish","hentry","entry"],"_links":{"self":[{"href":"https:\/\/kom-conseil.fr\/index.php?rest_route=\/wp\/v2\/pages\/406","targetHints":{"allow":["GET"]}}],"collection":[{"href":"https:\/\/kom-conseil.fr\/index.php?rest_route=\/wp\/v2\/pages"}],"about":[{"href":"https:\/\/kom-conseil.fr\/index.php?rest_route=\/wp\/v2\/types\/page"}],"author":[{"embeddable":true,"href":"https:\/\/kom-conseil.fr\/index.php?rest_route=\/wp\/v2\/users\/1"}],"replies":[{"embeddable":true,"href":"https:\/\/kom-conseil.fr\/index.php?rest_route=%2Fwp%2Fv2%2Fcomments&post=406"}],"version-history":[{"count":34,"href":"https:\/\/kom-conseil.fr\/index.php?rest_route=\/wp\/v2\/pages\/406\/revisions"}],"predecessor-version":[{"id":1304,"href":"https:\/\/kom-conseil.fr\/index.php?rest_route=\/wp\/v2\/pages\/406\/revisions\/1304"}],"wp:attachment":[{"href":"https:\/\/kom-conseil.fr\/index.php?rest_route=%2Fwp%2Fv2%2Fmedia&parent=406"}],"curies":[{"name":"wp","href":"https:\/\/api.w.org\/{rel}","templated":true}]}}