{"id":971,"date":"2021-04-26T20:41:10","date_gmt":"2021-04-26T18:41:10","guid":{"rendered":"http:\/\/kom-conseil.fr\/?page_id=971"},"modified":"2021-05-01T17:09:07","modified_gmt":"2021-05-01T15:09:07","slug":"nos-valeurs","status":"publish","type":"page","link":"https:\/\/kom-conseil.fr\/?page_id=971","title":{"rendered":"Nos Valeurs"},"content":{"rendered":"\t\t<div data-elementor-type=\"wp-page\" data-elementor-id=\"971\" class=\"elementor elementor-971\">\n\t\t\t\t\t\t<section class=\"elementor-section elementor-top-section elementor-element elementor-element-ea38a53 elementor-section-boxed elementor-section-height-default elementor-section-height-default\" data-id=\"ea38a53\" data-element_type=\"section\" data-e-type=\"section\">\n\t\t\t\t\t\t<div class=\"elementor-container elementor-column-gap-default\">\n\t\t\t\t\t<div class=\"elementor-column elementor-col-100 elementor-top-column elementor-element elementor-element-1ceca89\" data-id=\"1ceca89\" data-element_type=\"column\" data-e-type=\"column\">\n\t\t\t<div class=\"elementor-widget-wrap elementor-element-populated\">\n\t\t\t\t\t\t<div class=\"elementor-element elementor-element-1759611 elementor-widget elementor-widget-testimonial\" data-id=\"1759611\" data-element_type=\"widget\" data-e-type=\"widget\" data-widget_type=\"testimonial.default\">\n\t\t\t\t<div class=\"elementor-widget-container\">\n\t\t\t\t\t\t\t<div class=\"elementor-testimonial-wrapper\">\n\t\t\t\t\t\t\t<div class=\"elementor-testimonial-content\">\"KOM Conseil est toujours l\u00e0, pr\u00e9sent \u00e0 vos c\u00f4t\u00e9s, chaque fois que vous en avez besoin, pour vous accompagner dans la d\u00e9finition et la mise en place de votre communication, \u00e0 votre rythme\".<\/div>\n\t\t\t\n\t\t\t\t\t\t<div class=\"elementor-testimonial-meta elementor-has-image elementor-testimonial-image-position-aside\">\n\t\t\t\t<div class=\"elementor-testimonial-meta-inner\">\n\t\t\t\t\t\t\t\t\t\t\t<div class=\"elementor-testimonial-image\">\n\t\t\t\t\t\t\t<img fetchpriority=\"high\" decoding=\"async\" width=\"378\" height=\"567\" src=\"https:\/\/kom-conseil.fr\/wp-content\/uploads\/2021\/04\/Portrait-OK-LR.jpg\" class=\"attachment-full size-full wp-image-1041\" alt=\"\" srcset=\"https:\/\/kom-conseil.fr\/wp-content\/uploads\/2021\/04\/Portrait-OK-LR.jpg 378w, https:\/\/kom-conseil.fr\/wp-content\/uploads\/2021\/04\/Portrait-OK-LR-200x300.jpg 200w\" sizes=\"(max-width: 378px) 100vw, 378px\" \/>\t\t\t\t\t\t<\/div>\n\t\t\t\t\t\n\t\t\t\t\t\t\t\t\t\t<div class=\"elementor-testimonial-details\">\n\t\t\t\t\t\t\t\t\t\t\t\t\t\t<div class=\"elementor-testimonial-name\">Olivier Kwaczala<\/div>\n\t\t\t\t\t\t\t\t\t\t\t\t\t\t\t\t\t\t\t\t\t\t<div class=\"elementor-testimonial-job\">Fondateur et g\u00e9rant de KOM Conseil<\/div>\n\t\t\t\t\t\t\t\t\t\t\t\t\t<\/div>\n\t\t\t\t\t\t\t\t\t<\/div>\n\t\t\t<\/div>\n\t\t\t\t\t<\/div>\n\t\t\t\t\t\t<\/div>\n\t\t\t\t<\/div>\n\t\t\t\t<div class=\"elementor-element elementor-element-fd6e6ed elementor-widget elementor-widget-text-editor\" data-id=\"fd6e6ed\" data-element_type=\"widget\" data-e-type=\"widget\" data-widget_type=\"text-editor.default\">\n\t\t\t\t<div class=\"elementor-widget-container\">\n\t\t\t\t\t\t\t\t\tNous partons d\u2019un constat simple et \u00e9vident : communiquer c\u2019est avant tout \u00e9changer entre deux ou plusieurs personnes, s\u2019\u00e9couter et se comprendre. Ce n\u2019est qu\u2019\u00e0 partir de l\u00e0 que l\u2019on peut proposer des solutions adapt\u00e9es.\t\t\t\t\t\t\t\t<\/div>\n\t\t\t\t<\/div>\n\t\t\t\t\t<\/div>\n\t\t<\/div>\n\t\t\t\t\t<\/div>\n\t\t<\/section>\n\t\t\t\t<section class=\"elementor-section elementor-top-section elementor-element elementor-element-e0b4e86 elementor-section-boxed elementor-section-height-default elementor-section-height-default\" data-id=\"e0b4e86\" data-element_type=\"section\" data-e-type=\"section\">\n\t\t\t\t\t\t<div class=\"elementor-container elementor-column-gap-default\">\n\t\t\t\t\t<div class=\"elementor-column elementor-col-100 elementor-top-column elementor-element elementor-element-194532b\" data-id=\"194532b\" data-element_type=\"column\" data-e-type=\"column\">\n\t\t\t<div class=\"elementor-widget-wrap elementor-element-populated\">\n\t\t\t\t\t\t<div class=\"elementor-element elementor-element-a17238b elementor-widget elementor-widget-spacer\" data-id=\"a17238b\" data-element_type=\"widget\" data-e-type=\"widget\" data-widget_type=\"spacer.default\">\n\t\t\t\t<div class=\"elementor-widget-container\">\n\t\t\t\t\t\t\t<div class=\"elementor-spacer\">\n\t\t\t<div class=\"elementor-spacer-inner\"><\/div>\n\t\t<\/div>\n\t\t\t\t\t\t<\/div>\n\t\t\t\t<\/div>\n\t\t\t\t\t<\/div>\n\t\t<\/div>\n\t\t\t\t\t<\/div>\n\t\t<\/section>\n\t\t\t\t<section class=\"elementor-section elementor-top-section elementor-element elementor-element-eccf854 elementor-section-boxed elementor-section-height-default elementor-section-height-default\" data-id=\"eccf854\" data-element_type=\"section\" data-e-type=\"section\">\n\t\t\t\t\t\t<div class=\"elementor-container elementor-column-gap-default\">\n\t\t\t\t\t<div class=\"elementor-column elementor-col-100 elementor-top-column elementor-element elementor-element-9f9b212\" data-id=\"9f9b212\" data-element_type=\"column\" data-e-type=\"column\">\n\t\t\t<div class=\"elementor-widget-wrap elementor-element-populated\">\n\t\t\t\t\t\t<div class=\"elementor-element elementor-element-cb045d9 elementor-widget elementor-widget-heading\" data-id=\"cb045d9\" data-element_type=\"widget\" data-e-type=\"widget\" data-widget_type=\"heading.default\">\n\t\t\t\t<div class=\"elementor-widget-container\">\n\t\t\t\t\t<h2 class=\"elementor-heading-title elementor-size-default\">HUMAIN AVANT TOUT<\/h2>\t\t\t\t<\/div>\n\t\t\t\t<\/div>\n\t\t\t\t<div class=\"elementor-element elementor-element-9c57d1d elementor-position-left elementor-vertical-align-top elementor-widget elementor-widget-image-box\" data-id=\"9c57d1d\" data-element_type=\"widget\" data-e-type=\"widget\" data-widget_type=\"image-box.default\">\n\t\t\t\t<div class=\"elementor-widget-container\">\n\t\t\t\t\t<div class=\"elementor-image-box-wrapper\"><figure class=\"elementor-image-box-img\"><img decoding=\"async\" width=\"2560\" height=\"1707\" src=\"https:\/\/kom-conseil.fr\/wp-content\/uploads\/2021\/04\/meeting-1-scaled.jpg\" class=\"attachment-full size-full wp-image-883\" alt=\"\" srcset=\"https:\/\/kom-conseil.fr\/wp-content\/uploads\/2021\/04\/meeting-1-scaled.jpg 2560w, https:\/\/kom-conseil.fr\/wp-content\/uploads\/2021\/04\/meeting-1-300x200.jpg 300w, https:\/\/kom-conseil.fr\/wp-content\/uploads\/2021\/04\/meeting-1-1024x683.jpg 1024w, https:\/\/kom-conseil.fr\/wp-content\/uploads\/2021\/04\/meeting-1-768x512.jpg 768w, https:\/\/kom-conseil.fr\/wp-content\/uploads\/2021\/04\/meeting-1-1536x1024.jpg 1536w, https:\/\/kom-conseil.fr\/wp-content\/uploads\/2021\/04\/meeting-1-2048x1365.jpg 2048w\" sizes=\"(max-width: 2560px) 100vw, 2560px\" \/><\/figure><div class=\"elementor-image-box-content\"><h3 class=\"elementor-image-box-title\">Une relation humaine bas\u00e9e sur l\u2019\u00e9coute\u2026 pour mieux VOUS comprendre<\/h3><p class=\"elementor-image-box-description\">La relation humaine est la base de toute discussion : c\u2019est pourquoi nous commen\u00e7ons par vous \u00e9couter pour mieux vous comprendre. Nous nous d\u00e9pla\u00e7ons syst\u00e9matiquement pour \u00e9changer avec vous, maires, adjoints, conseillers ou secr\u00e9taire de mairie, chef d'entreprise ou pr\u00e9sidents d'associations, avant, pendant, et m\u00eame apr\u00e8s la mise en place de votre projet. Il est primordial de bien int\u00e9grer vos souhaits et vos probl\u00e8mes sp\u00e9cifiques, afin de vous proposer les solutions les plus adapt\u00e9es \u00e0 vos besoins et vos envies.\n\n<\/p><\/div><\/div>\t\t\t\t<\/div>\n\t\t\t\t<\/div>\n\t\t\t\t<div class=\"elementor-element elementor-element-687e9a5 elementor-widget elementor-widget-text-editor\" data-id=\"687e9a5\" data-element_type=\"widget\" data-e-type=\"widget\" data-widget_type=\"text-editor.default\">\n\t\t\t\t<div class=\"elementor-widget-container\">\n\t\t\t\t\t\t\t\t\t<p>Il n\u2019y a pas de petit ou de grand projet, pas de question qui ne vaille la peine d\u2019\u00eatre pos\u00e9e, il n\u2019y a que la volont\u00e9 de vouloir faire avancer votre structure dans sa communication, que cela soit \u00e0 court terme ou \u00e0 plus long terme<\/p>\t\t\t\t\t\t\t\t<\/div>\n\t\t\t\t<\/div>\n\t\t\t\t\t<\/div>\n\t\t<\/div>\n\t\t\t\t\t<\/div>\n\t\t<\/section>\n\t\t\t\t<section class=\"elementor-section elementor-top-section elementor-element elementor-element-a97c714 elementor-section-boxed elementor-section-height-default elementor-section-height-default\" data-id=\"a97c714\" data-element_type=\"section\" data-e-type=\"section\">\n\t\t\t\t\t\t<div class=\"elementor-container elementor-column-gap-default\">\n\t\t\t\t\t<div class=\"elementor-column elementor-col-100 elementor-top-column elementor-element elementor-element-d26b14f\" data-id=\"d26b14f\" data-element_type=\"column\" data-e-type=\"column\">\n\t\t\t<div class=\"elementor-widget-wrap elementor-element-populated\">\n\t\t\t\t\t\t<div class=\"elementor-element elementor-element-8bf86a3 elementor-widget-divider--view-line elementor-widget elementor-widget-divider\" data-id=\"8bf86a3\" data-element_type=\"widget\" data-e-type=\"widget\" data-widget_type=\"divider.default\">\n\t\t\t\t<div class=\"elementor-widget-container\">\n\t\t\t\t\t\t\t<div class=\"elementor-divider\">\n\t\t\t<span class=\"elementor-divider-separator\">\n\t\t\t\t\t\t<\/span>\n\t\t<\/div>\n\t\t\t\t\t\t<\/div>\n\t\t\t\t<\/div>\n\t\t\t\t\t<\/div>\n\t\t<\/div>\n\t\t\t\t\t<\/div>\n\t\t<\/section>\n\t\t\t\t<section class=\"elementor-section elementor-top-section elementor-element elementor-element-69bcdbd elementor-section-boxed elementor-section-height-default elementor-section-height-default\" data-id=\"69bcdbd\" data-element_type=\"section\" data-e-type=\"section\">\n\t\t\t\t\t\t<div class=\"elementor-container elementor-column-gap-default\">\n\t\t\t\t\t<div class=\"elementor-column elementor-col-100 elementor-top-column elementor-element elementor-element-7c54146\" data-id=\"7c54146\" data-element_type=\"column\" data-e-type=\"column\">\n\t\t\t<div class=\"elementor-widget-wrap elementor-element-populated\">\n\t\t\t\t\t\t<div class=\"elementor-element elementor-element-baed79d elementor-widget elementor-widget-heading\" data-id=\"baed79d\" data-element_type=\"widget\" data-e-type=\"widget\" data-widget_type=\"heading.default\">\n\t\t\t\t<div class=\"elementor-widget-container\">\n\t\t\t\t\t<h2 class=\"elementor-heading-title elementor-size-default\">DISPONIBLE A CHAQUE INSTANT<\/h2>\t\t\t\t<\/div>\n\t\t\t\t<\/div>\n\t\t\t\t<div class=\"elementor-element elementor-element-6cd372f elementor-position-left elementor-vertical-align-top elementor-widget elementor-widget-image-box\" data-id=\"6cd372f\" data-element_type=\"widget\" data-e-type=\"widget\" data-widget_type=\"image-box.default\">\n\t\t\t\t<div class=\"elementor-widget-container\">\n\t\t\t\t\t<div class=\"elementor-image-box-wrapper\"><figure class=\"elementor-image-box-img\"><img decoding=\"async\" width=\"1920\" height=\"1281\" src=\"https:\/\/kom-conseil.fr\/wp-content\/uploads\/2021\/04\/meeting-3.jpg\" class=\"attachment-full size-full wp-image-884\" alt=\"\" srcset=\"https:\/\/kom-conseil.fr\/wp-content\/uploads\/2021\/04\/meeting-3.jpg 1920w, https:\/\/kom-conseil.fr\/wp-content\/uploads\/2021\/04\/meeting-3-300x200.jpg 300w, https:\/\/kom-conseil.fr\/wp-content\/uploads\/2021\/04\/meeting-3-1024x683.jpg 1024w, https:\/\/kom-conseil.fr\/wp-content\/uploads\/2021\/04\/meeting-3-768x512.jpg 768w, https:\/\/kom-conseil.fr\/wp-content\/uploads\/2021\/04\/meeting-3-1536x1025.jpg 1536w\" sizes=\"(max-width: 1920px) 100vw, 1920px\" \/><\/figure><div class=\"elementor-image-box-content\"><h3 class=\"elementor-image-box-title\">Toujours \u00e0 votre disposition... pour faciliter VOTRE communication<\/h3><p class=\"elementor-image-box-description\">Votre rythme de travail est le n\u00f4tre : notre r\u00f4le est de vous accompagner pour que ce projet de communication avance en fonction de votre rythme de travail, en vous impactant le moins possible, pour que vous puissiez continuer \u00e0 vous focaliser sur la gestion du quotidien, tout en suivant sereinement l\u2019avanc\u00e9e de votre projet.<BR>\n\nNous sommes \u00e0 votre disposition quand VOUS le souhaitez. Votre disponibilit\u00e9 sera \u00e9galement la n\u00f4tre : nous adaptons notre planning et nos horaires de rencontre aux v\u00f4tres<\/p><\/div><\/div>\t\t\t\t<\/div>\n\t\t\t\t<\/div>\n\t\t\t\t\t<\/div>\n\t\t<\/div>\n\t\t\t\t\t<\/div>\n\t\t<\/section>\n\t\t\t\t<section class=\"elementor-section elementor-top-section elementor-element elementor-element-b650506 elementor-section-boxed elementor-section-height-default elementor-section-height-default\" data-id=\"b650506\" data-element_type=\"section\" data-e-type=\"section\">\n\t\t\t\t\t\t<div class=\"elementor-container elementor-column-gap-default\">\n\t\t\t\t\t<div class=\"elementor-column elementor-col-100 elementor-top-column elementor-element elementor-element-73c2c93\" data-id=\"73c2c93\" data-element_type=\"column\" data-e-type=\"column\">\n\t\t\t<div class=\"elementor-widget-wrap elementor-element-populated\">\n\t\t\t\t\t\t<div class=\"elementor-element elementor-element-a2cc3ec elementor-widget-divider--view-line elementor-widget elementor-widget-divider\" data-id=\"a2cc3ec\" data-element_type=\"widget\" data-e-type=\"widget\" data-widget_type=\"divider.default\">\n\t\t\t\t<div class=\"elementor-widget-container\">\n\t\t\t\t\t\t\t<div class=\"elementor-divider\">\n\t\t\t<span class=\"elementor-divider-separator\">\n\t\t\t\t\t\t<\/span>\n\t\t<\/div>\n\t\t\t\t\t\t<\/div>\n\t\t\t\t<\/div>\n\t\t\t\t\t<\/div>\n\t\t<\/div>\n\t\t\t\t\t<\/div>\n\t\t<\/section>\n\t\t\t\t<section class=\"elementor-section elementor-top-section elementor-element elementor-element-78e03fa elementor-section-boxed elementor-section-height-default elementor-section-height-default\" data-id=\"78e03fa\" data-element_type=\"section\" data-e-type=\"section\">\n\t\t\t\t\t\t<div class=\"elementor-container elementor-column-gap-default\">\n\t\t\t\t\t<div class=\"elementor-column elementor-col-100 elementor-top-column elementor-element elementor-element-0723d94\" data-id=\"0723d94\" data-element_type=\"column\" data-e-type=\"column\">\n\t\t\t<div class=\"elementor-widget-wrap elementor-element-populated\">\n\t\t\t\t\t\t<div class=\"elementor-element elementor-element-975bad5 elementor-widget elementor-widget-heading\" data-id=\"975bad5\" data-element_type=\"widget\" data-e-type=\"widget\" data-widget_type=\"heading.default\">\n\t\t\t\t<div class=\"elementor-widget-container\">\n\t\t\t\t\t<h2 class=\"elementor-heading-title elementor-size-default\">SIMPLE ET AUTHENTIQUE<\/h2>\t\t\t\t<\/div>\n\t\t\t\t<\/div>\n\t\t\t\t<div class=\"elementor-element elementor-element-3c2daa8 elementor-position-left elementor-vertical-align-top elementor-widget elementor-widget-image-box\" data-id=\"3c2daa8\" data-element_type=\"widget\" data-e-type=\"widget\" data-widget_type=\"image-box.default\">\n\t\t\t\t<div class=\"elementor-widget-container\">\n\t\t\t\t\t<div class=\"elementor-image-box-wrapper\"><figure class=\"elementor-image-box-img\"><img loading=\"lazy\" decoding=\"async\" width=\"2560\" height=\"1707\" src=\"https:\/\/kom-conseil.fr\/wp-content\/uploads\/2021\/04\/meeting-2-scaled.jpg\" class=\"attachment-full size-full wp-image-1036\" alt=\"\" srcset=\"https:\/\/kom-conseil.fr\/wp-content\/uploads\/2021\/04\/meeting-2-scaled.jpg 2560w, https:\/\/kom-conseil.fr\/wp-content\/uploads\/2021\/04\/meeting-2-300x200.jpg 300w, https:\/\/kom-conseil.fr\/wp-content\/uploads\/2021\/04\/meeting-2-1024x683.jpg 1024w, https:\/\/kom-conseil.fr\/wp-content\/uploads\/2021\/04\/meeting-2-768x512.jpg 768w, https:\/\/kom-conseil.fr\/wp-content\/uploads\/2021\/04\/meeting-2-1536x1024.jpg 1536w, https:\/\/kom-conseil.fr\/wp-content\/uploads\/2021\/04\/meeting-2-2048x1365.jpg 2048w\" sizes=\"(max-width: 2560px) 100vw, 2560px\" \/><\/figure><div class=\"elementor-image-box-content\"><h3 class=\"elementor-image-box-title\">Soyez rassur\u00e9s avec un accompagnement personnalis\u00e9 de A \u00e0 Z<\/h3><p class=\"elementor-image-box-description\">La tranquillit\u00e9 garantie : nous nous occupons  de tout de A \u00e0 Z pour votre tranquillit\u00e9. Nous concr\u00e9tisons vos id\u00e9es et vos envies pendant que vous continuez \u00e0 g\u00e9rer votre commune, et si vous en manquez, vous pouvez compter sur nous pour vous en donner !\n\nVotre commune est unique, nous souhaitons donner du sens \u00e0 ce que vous souhaitez mettre en place avec simplicit\u00e9 et authenticit\u00e9 : nous ne sommes pas l\u00e0 pour en mettre plein les yeux, nous sommes l\u00e0 pour r\u00e9pondre \u00e0 un besoin qui vous correspond et mettre \u00e0 votre disposition une communication pertinente, adapt\u00e9e et efficace. <\/p><\/div><\/div>\t\t\t\t<\/div>\n\t\t\t\t<\/div>\n\t\t\t\t<div class=\"elementor-element elementor-element-d16bd66 elementor-widget elementor-widget-text-editor\" data-id=\"d16bd66\" data-element_type=\"widget\" data-e-type=\"widget\" data-widget_type=\"text-editor.default\">\n\t\t\t\t<div class=\"elementor-widget-container\">\n\t\t\t\t\t\t\t\t\t<p>Nous sommes l\u00e0 pour vous aider \u00e0 faire battre le c\u0153ur de votre commune, votre entreprise ou votre association !<\/p>\t\t\t\t\t\t\t\t<\/div>\n\t\t\t\t<\/div>\n\t\t\t\t\t<\/div>\n\t\t<\/div>\n\t\t\t\t\t<\/div>\n\t\t<\/section>\n\t\t\t\t<\/div>\n\t\t","protected":false},"excerpt":{"rendered":"<p>&#8220;KOM Conseil est toujours l\u00e0, pr\u00e9sent \u00e0 vos c\u00f4t\u00e9s, chaque fois que vous en avez besoin, pour vous accompagner dans la d\u00e9finition et la mise en place de votre communication, \u00e0 votre rythme&#8221;. Olivier Kwaczala Fondateur et g\u00e9rant de KOM Conseil Nous partons d\u2019un constat simple et \u00e9vident : communiquer c\u2019est avant tout \u00e9changer entre [&hellip;]<\/p>\n","protected":false},"author":1,"featured_media":0,"parent":0,"menu_order":0,"comment_status":"closed","ping_status":"closed","template":"","meta":{"ocean_post_layout":"","ocean_both_sidebars_style":"","ocean_both_sidebars_content_width":0,"ocean_both_sidebars_sidebars_width":0,"ocean_sidebar":"0","ocean_second_sidebar":"0","ocean_disable_margins":"enable","ocean_add_body_class":"","ocean_shortcode_before_top_bar":"","ocean_shortcode_after_top_bar":"","ocean_shortcode_before_header":"","ocean_shortcode_after_header":"","ocean_has_shortcode":"","ocean_shortcode_after_title":"","ocean_shortcode_before_footer_widgets":"","ocean_shortcode_after_footer_widgets":"","ocean_shortcode_before_footer_bottom":"","ocean_shortcode_after_footer_bottom":"","ocean_display_top_bar":"default","ocean_display_header":"default","ocean_header_style":"","ocean_center_header_left_menu":"0","ocean_custom_header_template":"0","ocean_custom_logo":0,"ocean_custom_retina_logo":0,"ocean_custom_logo_max_width":0,"ocean_custom_logo_tablet_max_width":0,"ocean_custom_logo_mobile_max_width":0,"ocean_custom_logo_max_height":0,"ocean_custom_logo_tablet_max_height":0,"ocean_custom_logo_mobile_max_height":0,"ocean_header_custom_menu":"0","ocean_menu_typo_font_family":"0","ocean_menu_typo_font_subset":"","ocean_menu_typo_font_size":0,"ocean_menu_typo_font_size_tablet":0,"ocean_menu_typo_font_size_mobile":0,"ocean_menu_typo_font_size_unit":"px","ocean_menu_typo_font_weight":"","ocean_menu_typo_font_weight_tablet":"","ocean_menu_typo_font_weight_mobile":"","ocean_menu_typo_transform":"","ocean_menu_typo_transform_tablet":"","ocean_menu_typo_transform_mobile":"","ocean_menu_typo_line_height":0,"ocean_menu_typo_line_height_tablet":0,"ocean_menu_typo_line_height_mobile":0,"ocean_menu_typo_line_height_unit":"","ocean_menu_typo_spacing":0,"ocean_menu_typo_spacing_tablet":0,"ocean_menu_typo_spacing_mobile":0,"ocean_menu_typo_spacing_unit":"","ocean_menu_link_color":"","ocean_menu_link_color_hover":"","ocean_menu_link_color_active":"","ocean_menu_link_background":"","ocean_menu_link_hover_background":"","ocean_menu_link_active_background":"","ocean_menu_social_links_bg":"","ocean_menu_social_hover_links_bg":"","ocean_menu_social_links_color":"","ocean_menu_social_hover_links_color":"","ocean_disable_title":"on","ocean_disable_heading":"default","ocean_post_title":"","ocean_post_subheading":"","ocean_post_title_style":"","ocean_post_title_background_color":"","ocean_post_title_background":0,"ocean_post_title_bg_image_position":"","ocean_post_title_bg_image_attachment":"","ocean_post_title_bg_image_repeat":"","ocean_post_title_bg_image_size":"","ocean_post_title_height":0,"ocean_post_title_bg_overlay":0.5,"ocean_post_title_bg_overlay_color":"","ocean_disable_breadcrumbs":"default","ocean_breadcrumbs_color":"","ocean_breadcrumbs_separator_color":"","ocean_breadcrumbs_links_color":"","ocean_breadcrumbs_links_hover_color":"","ocean_display_footer_widgets":"default","ocean_display_footer_bottom":"default","ocean_custom_footer_template":"0","footnotes":""},"class_list":["post-971","page","type-page","status-publish","hentry","entry"],"_links":{"self":[{"href":"https:\/\/kom-conseil.fr\/index.php?rest_route=\/wp\/v2\/pages\/971","targetHints":{"allow":["GET"]}}],"collection":[{"href":"https:\/\/kom-conseil.fr\/index.php?rest_route=\/wp\/v2\/pages"}],"about":[{"href":"https:\/\/kom-conseil.fr\/index.php?rest_route=\/wp\/v2\/types\/page"}],"author":[{"embeddable":true,"href":"https:\/\/kom-conseil.fr\/index.php?rest_route=\/wp\/v2\/users\/1"}],"replies":[{"embeddable":true,"href":"https:\/\/kom-conseil.fr\/index.php?rest_route=%2Fwp%2Fv2%2Fcomments&post=971"}],"version-history":[{"count":44,"href":"https:\/\/kom-conseil.fr\/index.php?rest_route=\/wp\/v2\/pages\/971\/revisions"}],"predecessor-version":[{"id":1264,"href":"https:\/\/kom-conseil.fr\/index.php?rest_route=\/wp\/v2\/pages\/971\/revisions\/1264"}],"wp:attachment":[{"href":"https:\/\/kom-conseil.fr\/index.php?rest_route=%2Fwp%2Fv2%2Fmedia&parent=971"}],"curies":[{"name":"wp","href":"https:\/\/api.w.org\/{rel}","templated":true}]}}