{"id":972,"date":"2021-04-26T20:41:10","date_gmt":"2021-04-26T18:41:10","guid":{"rendered":"http:\/\/kom-conseil.fr\/?page_id=972"},"modified":"2021-05-11T19:34:26","modified_gmt":"2021-05-11T17:34:26","slug":"notre-approche","status":"publish","type":"page","link":"https:\/\/kom-conseil.fr\/?page_id=972","title":{"rendered":"Notre Approche"},"content":{"rendered":"\t\t<div data-elementor-type=\"wp-page\" data-elementor-id=\"972\" class=\"elementor elementor-972\">\n\t\t\t\t\t\t<section class=\"elementor-section elementor-top-section elementor-element elementor-element-4fbe223 elementor-section-boxed elementor-section-height-default elementor-section-height-default\" data-id=\"4fbe223\" data-element_type=\"section\" data-e-type=\"section\">\n\t\t\t\t\t\t<div class=\"elementor-container elementor-column-gap-default\">\n\t\t\t\t\t<div class=\"elementor-column elementor-col-100 elementor-top-column elementor-element elementor-element-b01db5d\" data-id=\"b01db5d\" data-element_type=\"column\" data-e-type=\"column\">\n\t\t\t<div class=\"elementor-widget-wrap elementor-element-populated\">\n\t\t\t\t\t\t<div class=\"elementor-element elementor-element-acd92aa elementor-widget elementor-widget-testimonial\" data-id=\"acd92aa\" data-element_type=\"widget\" data-e-type=\"widget\" data-widget_type=\"testimonial.default\">\n\t\t\t\t<div class=\"elementor-widget-container\">\n\t\t\t\t\t\t\t<div class=\"elementor-testimonial-wrapper\">\n\t\t\t\t\t\t\t<div class=\"elementor-testimonial-content\">\u00ab Chaque commune, association ou entreprise, quelle que soit sa taille, m\u00e9rite d\u2019avoir une communication adapt\u00e9e \u00e0 ses besoins \u00bb\n<\/div>\n\t\t\t\n\t\t\t\t\t\t<div class=\"elementor-testimonial-meta elementor-has-image elementor-testimonial-image-position-aside\">\n\t\t\t\t<div class=\"elementor-testimonial-meta-inner\">\n\t\t\t\t\t\t\t\t\t\t\t<div class=\"elementor-testimonial-image\">\n\t\t\t\t\t\t\t<img fetchpriority=\"high\" decoding=\"async\" width=\"378\" height=\"567\" src=\"https:\/\/kom-conseil.fr\/wp-content\/uploads\/2021\/04\/Portrait-OK-LR.jpg\" class=\"attachment-full size-full wp-image-1041\" alt=\"\" srcset=\"https:\/\/kom-conseil.fr\/wp-content\/uploads\/2021\/04\/Portrait-OK-LR.jpg 378w, https:\/\/kom-conseil.fr\/wp-content\/uploads\/2021\/04\/Portrait-OK-LR-200x300.jpg 200w\" sizes=\"(max-width: 378px) 100vw, 378px\" \/>\t\t\t\t\t\t<\/div>\n\t\t\t\t\t\n\t\t\t\t\t\t\t\t\t\t<div class=\"elementor-testimonial-details\">\n\t\t\t\t\t\t\t\t\t\t\t\t\t\t<div class=\"elementor-testimonial-name\">Olivier Kwaczala<\/div>\n\t\t\t\t\t\t\t\t\t\t\t\t\t\t\t\t\t\t\t\t\t\t<div class=\"elementor-testimonial-job\">Fondateur et g\u00e9rant de KOM Conseil<\/div>\n\t\t\t\t\t\t\t\t\t\t\t\t\t<\/div>\n\t\t\t\t\t\t\t\t\t<\/div>\n\t\t\t<\/div>\n\t\t\t\t\t<\/div>\n\t\t\t\t\t\t<\/div>\n\t\t\t\t<\/div>\n\t\t\t\t\t<\/div>\n\t\t<\/div>\n\t\t\t\t\t<\/div>\n\t\t<\/section>\n\t\t\t\t<section class=\"elementor-section elementor-top-section elementor-element elementor-element-2140f1f elementor-section-boxed elementor-section-height-default elementor-section-height-default\" data-id=\"2140f1f\" data-element_type=\"section\" data-e-type=\"section\">\n\t\t\t\t\t\t<div class=\"elementor-container elementor-column-gap-default\">\n\t\t\t\t\t<div class=\"elementor-column elementor-col-100 elementor-top-column elementor-element elementor-element-ccf9b2f\" data-id=\"ccf9b2f\" data-element_type=\"column\" data-e-type=\"column\">\n\t\t\t<div class=\"elementor-widget-wrap elementor-element-populated\">\n\t\t\t\t\t\t<div class=\"elementor-element elementor-element-b3dcc6b elementor-widget elementor-widget-spacer\" data-id=\"b3dcc6b\" data-element_type=\"widget\" data-e-type=\"widget\" data-widget_type=\"spacer.default\">\n\t\t\t\t<div class=\"elementor-widget-container\">\n\t\t\t\t\t\t\t<div class=\"elementor-spacer\">\n\t\t\t<div class=\"elementor-spacer-inner\"><\/div>\n\t\t<\/div>\n\t\t\t\t\t\t<\/div>\n\t\t\t\t<\/div>\n\t\t\t\t\t<\/div>\n\t\t<\/div>\n\t\t\t\t\t<\/div>\n\t\t<\/section>\n\t\t\t\t<section class=\"elementor-section elementor-top-section elementor-element elementor-element-e31c42c elementor-section-boxed elementor-section-height-default elementor-section-height-default\" data-id=\"e31c42c\" data-element_type=\"section\" data-e-type=\"section\">\n\t\t\t\t\t\t<div class=\"elementor-container elementor-column-gap-default\">\n\t\t\t\t\t<div class=\"elementor-column elementor-col-100 elementor-top-column elementor-element elementor-element-cc15d30\" data-id=\"cc15d30\" data-element_type=\"column\" data-e-type=\"column\">\n\t\t\t<div class=\"elementor-widget-wrap elementor-element-populated\">\n\t\t\t\t\t\t<section class=\"elementor-section elementor-inner-section elementor-element elementor-element-ca3044a elementor-section-boxed elementor-section-height-default elementor-section-height-default\" data-id=\"ca3044a\" data-element_type=\"section\" data-e-type=\"section\">\n\t\t\t\t\t\t<div class=\"elementor-container elementor-column-gap-default\">\n\t\t\t\t\t<div class=\"elementor-column elementor-col-33 elementor-inner-column elementor-element elementor-element-8007775\" data-id=\"8007775\" data-element_type=\"column\" data-e-type=\"column\">\n\t\t\t<div class=\"elementor-widget-wrap elementor-element-populated\">\n\t\t\t\t\t\t<div class=\"elementor-element elementor-element-8edefd0 elementor-widget elementor-widget-image\" data-id=\"8edefd0\" data-element_type=\"widget\" data-e-type=\"widget\" data-widget_type=\"image.default\">\n\t\t\t\t<div class=\"elementor-widget-container\">\n\t\t\t\t\t\t\t\t\t\t\t\t\t\t\t<img decoding=\"async\" width=\"1024\" height=\"427\" src=\"https:\/\/kom-conseil.fr\/wp-content\/uploads\/2021\/04\/labyrinth-1015640-3840x1600-1-1024x427.jpg\" class=\"attachment-large size-large wp-image-880\" alt=\"\" srcset=\"https:\/\/kom-conseil.fr\/wp-content\/uploads\/2021\/04\/labyrinth-1015640-3840x1600-1-1024x427.jpg 1024w, https:\/\/kom-conseil.fr\/wp-content\/uploads\/2021\/04\/labyrinth-1015640-3840x1600-1-300x125.jpg 300w, https:\/\/kom-conseil.fr\/wp-content\/uploads\/2021\/04\/labyrinth-1015640-3840x1600-1-768x320.jpg 768w, https:\/\/kom-conseil.fr\/wp-content\/uploads\/2021\/04\/labyrinth-1015640-3840x1600-1-1536x640.jpg 1536w, https:\/\/kom-conseil.fr\/wp-content\/uploads\/2021\/04\/labyrinth-1015640-3840x1600-1-2048x853.jpg 2048w\" sizes=\"(max-width: 1024px) 100vw, 1024px\" \/>\t\t\t\t\t\t\t\t\t\t\t\t\t\t\t<\/div>\n\t\t\t\t<\/div>\n\t\t\t\t<div class=\"elementor-element elementor-element-adcd890 elementor-widget elementor-widget-image-box\" data-id=\"adcd890\" data-element_type=\"widget\" data-e-type=\"widget\" data-widget_type=\"image-box.default\">\n\t\t\t\t<div class=\"elementor-widget-container\">\n\t\t\t\t\t<div class=\"elementor-image-box-wrapper\"><div class=\"elementor-image-box-content\"><h3 class=\"elementor-image-box-title\">Administrer une commune demande des connaissances multiples et vari\u00e9es \u00e0 tous les niveaux.<\/h3><p class=\"elementor-image-box-description\">Face \u00e0 l\u2019ampleur de cette gestion communale, la communication est souvent rel\u00e9gu\u00e9e au second plan, malgr\u00e9 son importance et du fait de sa complexit\u00e9. Et quels que soient les outils \u00e0 mettre en place, il faut savoir comment s\u2019y prendre et s\u2019y retrouver dans les m\u00e9andres des possibilit\u00e9s, multiples mais pas toujours adapt\u00e9es et parfois surdimensionn\u00e9es pour une commune \u00e0 taille humaine. \n<BR>Il est rassurant d\u2019\u00eatre accompagn\u00e9 par une pr\u00e9sence humaine, capable de se d\u00e9placer en mairie pour vous aider et r\u00e9pondre \u00e0 vos besoins de fa\u00e7on concr\u00e8te directement avec vous !<\/p><\/div><\/div>\t\t\t\t<\/div>\n\t\t\t\t<\/div>\n\t\t\t\t<div class=\"elementor-element elementor-element-8e48353 elementor-widget elementor-widget-spacer\" data-id=\"8e48353\" data-element_type=\"widget\" data-e-type=\"widget\" data-widget_type=\"spacer.default\">\n\t\t\t\t<div class=\"elementor-widget-container\">\n\t\t\t\t\t\t\t<div class=\"elementor-spacer\">\n\t\t\t<div class=\"elementor-spacer-inner\"><\/div>\n\t\t<\/div>\n\t\t\t\t\t\t<\/div>\n\t\t\t\t<\/div>\n\t\t\t\t<div class=\"elementor-element elementor-element-9a88a83 elementor-widget elementor-widget-text-editor\" data-id=\"9a88a83\" data-element_type=\"widget\" data-e-type=\"widget\" data-widget_type=\"text-editor.default\">\n\t\t\t\t<div class=\"elementor-widget-container\">\n\t\t\t\t\t\t\t\t\t<p><strong>KOM Conseil est pr\u00e9sent dans votre commune avec vous, <\/strong>vous accompagne dans la d\u00e9finition, le choix et la mise en place de vos outils de communication pour qu\u2019ils correspondent \u00e0 vos besoins, vos souhaits et vos possibilit\u00e9s, et surtout qu\u2019ils vous ressemblent !<\/p>\t\t\t\t\t\t\t\t<\/div>\n\t\t\t\t<\/div>\n\t\t\t\t\t<\/div>\n\t\t<\/div>\n\t\t\t\t<div class=\"elementor-column elementor-col-33 elementor-inner-column elementor-element elementor-element-1fac4b1\" data-id=\"1fac4b1\" data-element_type=\"column\" data-e-type=\"column\" data-settings=\"{&quot;background_background&quot;:&quot;classic&quot;}\">\n\t\t\t<div class=\"elementor-widget-wrap elementor-element-populated\">\n\t\t\t\t\t\t<div class=\"elementor-element elementor-element-9cbc33c elementor-widget elementor-widget-image\" data-id=\"9cbc33c\" data-element_type=\"widget\" data-e-type=\"widget\" data-widget_type=\"image.default\">\n\t\t\t\t<div class=\"elementor-widget-container\">\n\t\t\t\t\t\t\t\t\t\t\t\t\t\t\t<img decoding=\"async\" width=\"1024\" height=\"429\" src=\"https:\/\/kom-conseil.fr\/wp-content\/uploads\/2021\/04\/clock-1527693-1024x429.jpg\" class=\"attachment-large size-large wp-image-907\" alt=\"\" srcset=\"https:\/\/kom-conseil.fr\/wp-content\/uploads\/2021\/04\/clock-1527693-1024x429.jpg 1024w, https:\/\/kom-conseil.fr\/wp-content\/uploads\/2021\/04\/clock-1527693-300x126.jpg 300w, https:\/\/kom-conseil.fr\/wp-content\/uploads\/2021\/04\/clock-1527693-768x322.jpg 768w, https:\/\/kom-conseil.fr\/wp-content\/uploads\/2021\/04\/clock-1527693-1536x644.jpg 1536w, https:\/\/kom-conseil.fr\/wp-content\/uploads\/2021\/04\/clock-1527693-2048x858.jpg 2048w\" sizes=\"(max-width: 1024px) 100vw, 1024px\" \/>\t\t\t\t\t\t\t\t\t\t\t\t\t\t\t<\/div>\n\t\t\t\t<\/div>\n\t\t\t\t<div class=\"elementor-element elementor-element-f0c8ecc elementor-widget elementor-widget-image-box\" data-id=\"f0c8ecc\" data-element_type=\"widget\" data-e-type=\"widget\" data-widget_type=\"image-box.default\">\n\t\t\t\t<div class=\"elementor-widget-container\">\n\t\t\t\t\t<div class=\"elementor-image-box-wrapper\"><div class=\"elementor-image-box-content\"><h3 class=\"elementor-image-box-title\">G\u00e9rer une commune n\u00e9cessite une implication sans faille et un engagement sur tous les fronts.<\/h3><p class=\"elementor-image-box-description\">Dans le m\u00eame temps il est plus que jamais n\u00e9cessaire de mettre en place une information pertinente et structur\u00e9e sur vos projets \u00e0 venir et les actions qui sont men\u00e9es sur votre commune ! Votre \u00e9quipe municipale \u0153uvre, agit et avance pour le bien de la commune, encore faut-il le faire savoir !\nFace \u00e0 toutes ces obligations, il est tr\u00e8s souvent difficile de d\u00e9velopper une communication adapt\u00e9e, avec les bons outils. Votre temps est pr\u00e9cieux et il manque souvent cruellement notamment lors de la phase de pr\u00e9paration et de lancement des outils de communication !<\/p><\/div><\/div>\t\t\t\t<\/div>\n\t\t\t\t<\/div>\n\t\t\t\t<div class=\"elementor-element elementor-element-11c82c6 elementor-widget elementor-widget-spacer\" data-id=\"11c82c6\" data-element_type=\"widget\" data-e-type=\"widget\" data-widget_type=\"spacer.default\">\n\t\t\t\t<div class=\"elementor-widget-container\">\n\t\t\t\t\t\t\t<div class=\"elementor-spacer\">\n\t\t\t<div class=\"elementor-spacer-inner\"><\/div>\n\t\t<\/div>\n\t\t\t\t\t\t<\/div>\n\t\t\t\t<\/div>\n\t\t\t\t<div class=\"elementor-element elementor-element-b17cfeb elementor-widget elementor-widget-text-editor\" data-id=\"b17cfeb\" data-element_type=\"widget\" data-e-type=\"widget\" data-widget_type=\"text-editor.default\">\n\t\t\t\t<div class=\"elementor-widget-container\">\n\t\t\t\t\t\t\t\t\t<p><strong>KOM Conseil vous consacre le temps que vous n\u2019avez pas<\/strong>\u00a0 pour d\u00e9finir et construire votre communication de A \u00e0 Z et vous la livrer \u00ab cl\u00e9 en main \u00bb. Vous \u00e9conomisez ainsi du temps et de l\u2019\u00e9nergie dans la mise en place de votre communication !<\/p>\t\t\t\t\t\t\t\t<\/div>\n\t\t\t\t<\/div>\n\t\t\t\t\t<\/div>\n\t\t<\/div>\n\t\t\t\t<div class=\"elementor-column elementor-col-33 elementor-inner-column elementor-element elementor-element-148d28b\" data-id=\"148d28b\" data-element_type=\"column\" data-e-type=\"column\">\n\t\t\t<div class=\"elementor-widget-wrap elementor-element-populated\">\n\t\t\t\t\t\t<div class=\"elementor-element elementor-element-3e82628 elementor-widget elementor-widget-image\" data-id=\"3e82628\" data-element_type=\"widget\" data-e-type=\"widget\" data-widget_type=\"image.default\">\n\t\t\t\t<div class=\"elementor-widget-container\">\n\t\t\t\t\t\t\t\t\t\t\t\t\t\t\t<img loading=\"lazy\" decoding=\"async\" width=\"1024\" height=\"427\" src=\"https:\/\/kom-conseil.fr\/wp-content\/uploads\/2021\/04\/doors-1767564-3000x1250-1-1024x427.jpg\" class=\"attachment-large size-large wp-image-911\" alt=\"\" srcset=\"https:\/\/kom-conseil.fr\/wp-content\/uploads\/2021\/04\/doors-1767564-3000x1250-1-1024x427.jpg 1024w, https:\/\/kom-conseil.fr\/wp-content\/uploads\/2021\/04\/doors-1767564-3000x1250-1-300x125.jpg 300w, https:\/\/kom-conseil.fr\/wp-content\/uploads\/2021\/04\/doors-1767564-3000x1250-1-768x320.jpg 768w, https:\/\/kom-conseil.fr\/wp-content\/uploads\/2021\/04\/doors-1767564-3000x1250-1-1536x640.jpg 1536w, https:\/\/kom-conseil.fr\/wp-content\/uploads\/2021\/04\/doors-1767564-3000x1250-1-2048x853.jpg 2048w\" sizes=\"(max-width: 1024px) 100vw, 1024px\" \/>\t\t\t\t\t\t\t\t\t\t\t\t\t\t\t<\/div>\n\t\t\t\t<\/div>\n\t\t\t\t<div class=\"elementor-element elementor-element-20ed960 elementor-widget elementor-widget-image-box\" data-id=\"20ed960\" data-element_type=\"widget\" data-e-type=\"widget\" data-widget_type=\"image-box.default\">\n\t\t\t\t<div class=\"elementor-widget-container\">\n\t\t\t\t\t<div class=\"elementor-image-box-wrapper\"><div class=\"elementor-image-box-content\"><h3 class=\"elementor-image-box-title\">Partir du bon pied d\u00e8s le d\u00e9part est primordial pour faire aboutir votre projet, alors laissez-vous guider !<\/h3><p class=\"elementor-image-box-description\">B\u00e2tir une communication efficace n\u00e9cessite de choisir les bons outils d\u00e8s le d\u00e9part pour \u00e9viter de se retrouver prisonnier par la suite de ces m\u00eames outils dans leur mise \u00e0 jour et leur gestion. Nous commen\u00e7ons par vous \u00e9couter, nous analysons votre besoin sp\u00e9cifique et votre probl\u00e9matique et vous proposons des solutions adapt\u00e9es qui vous permettront de travailler confortablement, d\u2019avancer \u00e0 votre rythme et de gagner en autonomie sur le long terme. Vous pouvez b\u00e9n\u00e9ficier d\u2019une pr\u00e9sence rassurante de tous les instants, qui vous permet d\u2019avancer en toute s\u00e9r\u00e9nit\u00e9 !<\/p><\/div><\/div>\t\t\t\t<\/div>\n\t\t\t\t<\/div>\n\t\t\t\t<div class=\"elementor-element elementor-element-37fb2f5 elementor-widget elementor-widget-spacer\" data-id=\"37fb2f5\" data-element_type=\"widget\" data-e-type=\"widget\" data-widget_type=\"spacer.default\">\n\t\t\t\t<div class=\"elementor-widget-container\">\n\t\t\t\t\t\t\t<div class=\"elementor-spacer\">\n\t\t\t<div class=\"elementor-spacer-inner\"><\/div>\n\t\t<\/div>\n\t\t\t\t\t\t<\/div>\n\t\t\t\t<\/div>\n\t\t\t\t<div class=\"elementor-element elementor-element-ad32ab7 elementor-widget elementor-widget-text-editor\" data-id=\"ad32ab7\" data-element_type=\"widget\" data-e-type=\"widget\" data-widget_type=\"text-editor.default\">\n\t\t\t\t<div class=\"elementor-widget-container\">\n\t\t\t\t\t\t\t\t\t<p><strong>KOM Conseil vous guide et vous oriente vers les bons outils. <\/strong>Nous vous aidons \u00e0 faire les bons choix et \u00e0 prendre les d\u00e9cisions qui vous correspondent avec simplicit\u00e9, efficacit\u00e9 et en toute s\u00e9r\u00e9nit\u00e9<\/p>\t\t\t\t\t\t\t\t<\/div>\n\t\t\t\t<\/div>\n\t\t\t\t\t<\/div>\n\t\t<\/div>\n\t\t\t\t\t<\/div>\n\t\t<\/section>\n\t\t\t\t\t<\/div>\n\t\t<\/div>\n\t\t\t\t\t<\/div>\n\t\t<\/section>\n\t\t\t\t<\/div>\n\t\t","protected":false},"excerpt":{"rendered":"<p>\u00ab Chaque commune, association ou entreprise, quelle que soit sa taille, m\u00e9rite d\u2019avoir une communication adapt\u00e9e \u00e0 ses besoins \u00bb Olivier Kwaczala Fondateur et g\u00e9rant de KOM Conseil Administrer une commune demande des connaissances multiples et vari\u00e9es \u00e0 tous les niveaux. Face \u00e0 l\u2019ampleur de cette gestion communale, la communication est souvent rel\u00e9gu\u00e9e au second [&hellip;]<\/p>\n","protected":false},"author":1,"featured_media":0,"parent":0,"menu_order":0,"comment_status":"closed","ping_status":"closed","template":"","meta":{"ocean_post_layout":"","ocean_both_sidebars_style":"","ocean_both_sidebars_content_width":0,"ocean_both_sidebars_sidebars_width":0,"ocean_sidebar":"0","ocean_second_sidebar":"0","ocean_disable_margins":"enable","ocean_add_body_class":"","ocean_shortcode_before_top_bar":"","ocean_shortcode_after_top_bar":"","ocean_shortcode_before_header":"","ocean_shortcode_after_header":"","ocean_has_shortcode":"","ocean_shortcode_after_title":"","ocean_shortcode_before_footer_widgets":"","ocean_shortcode_after_footer_widgets":"","ocean_shortcode_before_footer_bottom":"","ocean_shortcode_after_footer_bottom":"","ocean_display_top_bar":"default","ocean_display_header":"default","ocean_header_style":"","ocean_center_header_left_menu":"0","ocean_custom_header_template":"0","ocean_custom_logo":0,"ocean_custom_retina_logo":0,"ocean_custom_logo_max_width":0,"ocean_custom_logo_tablet_max_width":0,"ocean_custom_logo_mobile_max_width":0,"ocean_custom_logo_max_height":0,"ocean_custom_logo_tablet_max_height":0,"ocean_custom_logo_mobile_max_height":0,"ocean_header_custom_menu":"0","ocean_menu_typo_font_family":"0","ocean_menu_typo_font_subset":"","ocean_menu_typo_font_size":0,"ocean_menu_typo_font_size_tablet":0,"ocean_menu_typo_font_size_mobile":0,"ocean_menu_typo_font_size_unit":"px","ocean_menu_typo_font_weight":"","ocean_menu_typo_font_weight_tablet":"","ocean_menu_typo_font_weight_mobile":"","ocean_menu_typo_transform":"","ocean_menu_typo_transform_tablet":"","ocean_menu_typo_transform_mobile":"","ocean_menu_typo_line_height":0,"ocean_menu_typo_line_height_tablet":0,"ocean_menu_typo_line_height_mobile":0,"ocean_menu_typo_line_height_unit":"","ocean_menu_typo_spacing":0,"ocean_menu_typo_spacing_tablet":0,"ocean_menu_typo_spacing_mobile":0,"ocean_menu_typo_spacing_unit":"","ocean_menu_link_color":"","ocean_menu_link_color_hover":"","ocean_menu_link_color_active":"","ocean_menu_link_background":"","ocean_menu_link_hover_background":"","ocean_menu_link_active_background":"","ocean_menu_social_links_bg":"","ocean_menu_social_hover_links_bg":"","ocean_menu_social_links_color":"","ocean_menu_social_hover_links_color":"","ocean_disable_title":"on","ocean_disable_heading":"default","ocean_post_title":"","ocean_post_subheading":"","ocean_post_title_style":"","ocean_post_title_background_color":"","ocean_post_title_background":0,"ocean_post_title_bg_image_position":"","ocean_post_title_bg_image_attachment":"","ocean_post_title_bg_image_repeat":"","ocean_post_title_bg_image_size":"","ocean_post_title_height":0,"ocean_post_title_bg_overlay":0.5,"ocean_post_title_bg_overlay_color":"","ocean_disable_breadcrumbs":"default","ocean_breadcrumbs_color":"","ocean_breadcrumbs_separator_color":"","ocean_breadcrumbs_links_color":"","ocean_breadcrumbs_links_hover_color":"","ocean_display_footer_widgets":"default","ocean_display_footer_bottom":"default","ocean_custom_footer_template":"0","footnotes":""},"class_list":["post-972","page","type-page","status-publish","hentry","entry"],"_links":{"self":[{"href":"https:\/\/kom-conseil.fr\/index.php?rest_route=\/wp\/v2\/pages\/972","targetHints":{"allow":["GET"]}}],"collection":[{"href":"https:\/\/kom-conseil.fr\/index.php?rest_route=\/wp\/v2\/pages"}],"about":[{"href":"https:\/\/kom-conseil.fr\/index.php?rest_route=\/wp\/v2\/types\/page"}],"author":[{"embeddable":true,"href":"https:\/\/kom-conseil.fr\/index.php?rest_route=\/wp\/v2\/users\/1"}],"replies":[{"embeddable":true,"href":"https:\/\/kom-conseil.fr\/index.php?rest_route=%2Fwp%2Fv2%2Fcomments&post=972"}],"version-history":[{"count":86,"href":"https:\/\/kom-conseil.fr\/index.php?rest_route=\/wp\/v2\/pages\/972\/revisions"}],"predecessor-version":[{"id":1310,"href":"https:\/\/kom-conseil.fr\/index.php?rest_route=\/wp\/v2\/pages\/972\/revisions\/1310"}],"wp:attachment":[{"href":"https:\/\/kom-conseil.fr\/index.php?rest_route=%2Fwp%2Fv2%2Fmedia&parent=972"}],"curies":[{"name":"wp","href":"https:\/\/api.w.org\/{rel}","templated":true}]}}